{"id":66050,"date":"2026-04-11T16:07:19","date_gmt":"2026-04-11T20:07:19","guid":{"rendered":"https:\/\/devadipro.alex-wp.com\/se-connecter\/"},"modified":"2026-04-16T19:30:55","modified_gmt":"2026-04-16T23:30:55","slug":"se-connecter","status":"publish","type":"page","link":"https:\/\/adipro.ca\/fr\/se-connecter\/","title":{"rendered":"Se connecter"},"content":{"rendered":"\t\t<div data-elementor-type=\"wp-page\" data-elementor-id=\"66050\" class=\"elementor elementor-66050 elementor-64250\" data-elementor-post-type=\"page\">\n\t\t\t\t<div class=\"elementor-element elementor-element-7fa239f e-flex e-con-boxed e-con e-parent\" data-id=\"7fa239f\" data-element_type=\"container\" data-e-type=\"container\" data-settings=\"{&quot;background_background&quot;:&quot;classic&quot;}\">\n\t\t\t\t\t<div class=\"e-con-inner\">\n\t\t<div class=\"elementor-element elementor-element-99196f7 e-con-full e-flex e-con e-child\" data-id=\"99196f7\" data-element_type=\"container\" data-e-type=\"container\">\n\t\t\t\t<div class=\"elementor-element elementor-element-01c7b1c elementor-widget elementor-widget-shortcode\" data-id=\"01c7b1c\" data-element_type=\"widget\" data-e-type=\"widget\" data-widget_type=\"shortcode.default\">\n\t\t\t\t\t\t\t<div class=\"elementor-shortcode\"><nav aria-label=\"breadcrumbs\" class=\"rank-math-breadcrumb\"><p><span class=\"last\">Acceuil<\/span><\/p><\/nav><\/div>\n\t\t\t\t\t\t<\/div>\n\t\t\t\t<div class=\"elementor-element elementor-element-a855f97 elementor-widget__width-initial elementor-widget elementor-widget-heading\" data-id=\"a855f97\" data-element_type=\"widget\" data-e-type=\"widget\" data-widget_type=\"heading.default\">\n\t\t\t\t\t<h1 class=\"elementor-heading-title elementor-size-default\">Se connecter<\/h1>\t\t\t\t<\/div>\n\t\t\t\t<\/div>\n\t\t\t\t\t<\/div>\n\t\t\t\t<\/div>\n\t\t<div class=\"elementor-element elementor-element-f3248d6 e-flex e-con-boxed e-con e-parent\" data-id=\"f3248d6\" data-element_type=\"container\" data-e-type=\"container\">\n\t\t\t\t\t<div class=\"e-con-inner\">\n\t\t\t\t<div class=\"elementor-element elementor-element-44b5a56 elementor-widget__width-initial elementor-view-default elementor-position-block-start elementor-mobile-position-block-start elementor-widget elementor-widget-icon-box\" data-id=\"44b5a56\" data-element_type=\"widget\" data-e-type=\"widget\" data-widget_type=\"icon-box.default\">\n\t\t\t\t\t\t\t<div class=\"elementor-icon-box-wrapper\">\n\n\t\t\t\t\t\t<div class=\"elementor-icon-box-icon\">\n\t\t\t\t<a href=\"https:\/\/service.adipro.ca\" class=\"elementor-icon\" tabindex=\"-1\" aria-label=\"Migration du portail en cours\" target=\"_blank\" rel=\"noopener noreferrer nofollow\">\n\t\t\t\t<svg aria-hidden=\"true\" class=\"e-font-icon-svg e-fas-exclamation-triangle\" viewBox=\"0 0 576 512\" xmlns=\"http:\/\/www.w3.org\/2000\/svg\"><path d=\"M569.517 440.013C587.975 472.007 564.806 512 527.94 512H48.054c-36.937 0-59.999-40.055-41.577-71.987L246.423 23.985c18.467-32.009 64.72-31.951 83.154 0l239.94 416.028zM288 354c-25.405 0-46 20.595-46 46s20.595 46 46 46 46-20.595 46-46-20.595-46-46-46zm-43.673-165.346l7.418 136c.347 6.364 5.609 11.346 11.982 11.346h48.546c6.373 0 11.635-4.982 11.982-11.346l7.418-136c.375-6.874-5.098-12.654-11.982-12.654h-63.383c-6.884 0-12.356 5.78-11.981 12.654z\"><\/path><\/svg>\t\t\t\t<\/a>\n\t\t\t<\/div>\n\t\t\t\n\t\t\t\t\t\t<div class=\"elementor-icon-box-content\">\n\n\t\t\t\t\t\t\t\t\t<h3 class=\"elementor-icon-box-title\">\n\t\t\t\t\t\t<a href=\"https:\/\/service.adipro.ca\"  target=\"_blank\" rel=\"noopener noreferrer nofollow\">\n\t\t\t\t\t\t\tMigration du portail en cours\t\t\t\t\t\t<\/a>\n\t\t\t\t\t<\/h3>\n\t\t\t\t\n\t\t\t\t\t\t\t\t\t<p class=\"elementor-icon-box-description\">\n\t\t\t\t\t\tNos portails de connexion pour le support et les d\u00e9taillants sont actuellement en cours de migration vers une nouvelle plateforme. Pendant cette transition, veuillez acc\u00e9der \u00e0 ces services sur <u><a href=\"https:\/\/service.adipro.ca\" target=\"_blank\" rel=\"noopener noreferrer nofollow\">service.adipro.ca.<\/a><\/u> \t\t\t\t\t<\/p>\n\t\t\t\t\n\t\t\t<\/div>\n\t\t\t\n\t\t<\/div>\n\t\t\t\t\t\t<\/div>\n\t\t\t\t<div class=\"elementor-element elementor-element-3b23dca elementor-widget__width-initial elementor-widget elementor-widget-shortcode\" data-id=\"3b23dca\" data-element_type=\"widget\" data-e-type=\"widget\" data-widget_type=\"shortcode.default\">\n\t\t\t\t\t\t\t<div class=\"elementor-shortcode\"><div id=\"fls_login_form\" class=\"fls_login_wrapper\"><form name=\"loginform\" id=\"loginform\" action=\"https:\/\/adipro.ca\/\" method=\"post\"><p class=\"login-username\">\n\t\t\t\t<label for=\"user_login\">Username or Email Address<\/label>\n\t\t\t\t<input type=\"text\" name=\"log\" id=\"user_login\" autocomplete=\"username\" class=\"input\" value=\"\" size=\"20\" \/>\n\t\t\t<\/p><p class=\"login-password\">\n\t\t\t\t<label for=\"user_pass\">Password<\/label>\n\t\t\t\t<input type=\"password\" name=\"pwd\" id=\"user_pass\" autocomplete=\"current-password\" class=\"input\" value=\"\" size=\"20\" \/>\n\t\t\t<\/p><p class=\"login-remember\"><label><input name=\"rememberme\" type=\"checkbox\" id=\"rememberme\" value=\"forever\" checked=\"checked\" \/> Remember Me<\/label><\/p><p class=\"login-submit\">\n\t\t\t\t<input type=\"submit\" name=\"wp-submit\" id=\"wp-submit\" class=\"button button-primary\" value=\"Log In\" \/>\n\t\t\t\t<input type=\"hidden\" name=\"redirect_to\" value=\"\" \/>\n\t\t\t<\/p>        <div style=\"display: none;\" id=\"fls_magic_login\">\n            <div class=\"fls_magic_initial\">\n                <div class=\"fls_or_wrap\">\n                    <div class=\"fls_magic-or\">\n                        <span>Or<\/span>\n                    <\/div>\n                <\/div>\n\n                <div class=\"fls_magic_login_btn\">\n                    <button class=\"fls_magic_show_btn magic_btn_secondary button button-primary button-large\">\n                        Login Via Magic URL                    <\/button>\n                <\/div>\n            <\/div>\n            <div style=\"display: none\" class=\"fls_magic_login_form\">\n                <p class=\"fls_magic_text\">\n                    Enter the email address or username associated with your account, and we&#039;ll send a magic link to your inbox.                <\/p>\n                <label for=\"fls_magic_logon\">\n                    Your Email\/Username                <\/label>\n                <input placeholder=\"Your Email\/Username\" id=\"fls_magic_logon\"\n                       class=\"fls_magic_input\" type=\"text\" name=\"fls_magic_logon_email\"\/>\n                <input id=\"fls_magic_logon_nonce\" type=\"hidden\" name=\"fls_magic_logon_nonce\"\n                       value=\"f5f81cea35\"\/>\n                <div class=\"fls_magic_submit_wrapper\">\n                    <button class=\"button button-primary button-large\" id=\"fls_magic_submit\">\n                        Continue                    <\/button>\n                <\/div>\n\n                <div class=\"magic_back_regular\">\n                    <div class=\"fls_or_wrap\">\n                        <div class=\"fls_magic-or\">\n                            <span>Or<\/span>\n                        <\/div>\n                    <\/div>\n                    <div class=\"fls_magic_login_back\">\n                        <button class=\"fls_magic_show_regular magic_btn_secondary\">\n                            Use Regular Login form                        <\/button>\n                    <\/div>\n                <\/div>\n            <\/div>\n        <\/div>\n        <\/form><\/div><\/div>\n\t\t\t\t\t\t<\/div>\n\t\t\t\t\t<\/div>\n\t\t\t\t<\/div>\n\t\t\t\t<\/div>\n\t\t","protected":false},"excerpt":{"rendered":"<p>Migration du portail en cours Nos portails de connexion pour le support et les d\u00e9taillants sont actuellement en cours de migration vers une nouvelle plateforme. Pendant cette transition, veuillez acc\u00e9der \u00e0 ces services sur service.adipro.ca.<\/p>\n","protected":false},"author":2,"featured_media":65668,"parent":0,"menu_order":21,"comment_status":"closed","ping_status":"closed","template":"","meta":{"_acf_changed":false,"footnotes":""},"class_list":["post-66050","page","type-page","status-publish","has-post-thumbnail","hentry"],"acf":[],"_links":{"self":[{"href":"https:\/\/adipro.ca\/fr\/wp-json\/wp\/v2\/pages\/66050","targetHints":{"allow":["GET"]}}],"collection":[{"href":"https:\/\/adipro.ca\/fr\/wp-json\/wp\/v2\/pages"}],"about":[{"href":"https:\/\/adipro.ca\/fr\/wp-json\/wp\/v2\/types\/page"}],"author":[{"embeddable":true,"href":"https:\/\/adipro.ca\/fr\/wp-json\/wp\/v2\/users\/2"}],"replies":[{"embeddable":true,"href":"https:\/\/adipro.ca\/fr\/wp-json\/wp\/v2\/comments?post=66050"}],"version-history":[{"count":0,"href":"https:\/\/adipro.ca\/fr\/wp-json\/wp\/v2\/pages\/66050\/revisions"}],"wp:featuredmedia":[{"embeddable":true,"href":"https:\/\/adipro.ca\/fr\/wp-json\/wp\/v2\/media\/65668"}],"wp:attachment":[{"href":"https:\/\/adipro.ca\/fr\/wp-json\/wp\/v2\/media?parent=66050"}],"curies":[{"name":"wp","href":"https:\/\/api.w.org\/{rel}","templated":true}]}}