{"id":68632,"date":"2026-03-18T21:45:32","date_gmt":"2026-03-19T01:45:32","guid":{"rendered":"https:\/\/devadipro.alex-wp.com\/assistance\/"},"modified":"2026-04-16T19:30:41","modified_gmt":"2026-04-16T23:30:41","slug":"assistance","status":"publish","type":"page","link":"https:\/\/adipro.ca\/fr\/assistance\/","title":{"rendered":"Assistance"},"content":{"rendered":"\t\t<div data-elementor-type=\"wp-page\" data-elementor-id=\"68632\" class=\"elementor elementor-68632 elementor-383\" data-elementor-post-type=\"page\">\n\t\t\t\t<div class=\"elementor-element elementor-element-061cc7c e-flex e-con-boxed e-con e-parent\" data-id=\"061cc7c\" data-element_type=\"container\" data-e-type=\"container\" data-settings=\"{&quot;background_background&quot;:&quot;classic&quot;}\">\n\t\t\t\t\t<div class=\"e-con-inner\">\n\t\t<div class=\"elementor-element elementor-element-91e0017 e-con-full e-flex e-con e-child\" data-id=\"91e0017\" data-element_type=\"container\" data-e-type=\"container\">\n\t\t\t\t<div class=\"elementor-element elementor-element-4b12b98 elementor-widget elementor-widget-shortcode\" data-id=\"4b12b98\" data-element_type=\"widget\" data-e-type=\"widget\" data-widget_type=\"shortcode.default\">\n\t\t\t\t\t\t\t<div class=\"elementor-shortcode\"><nav aria-label=\"breadcrumbs\" class=\"rank-math-breadcrumb\"><p><span class=\"last\">Acceuil<\/span><\/p><\/nav><\/div>\n\t\t\t\t\t\t<\/div>\n\t\t\t\t<div class=\"elementor-element elementor-element-cd27992 elementor-widget__width-initial elementor-widget elementor-widget-heading\" data-id=\"cd27992\" data-element_type=\"widget\" data-e-type=\"widget\" data-widget_type=\"heading.default\">\n\t\t\t\t\t<h1 class=\"elementor-heading-title elementor-size-default\">Assistance<\/h1>\t\t\t\t<\/div>\n\t\t\t\t<\/div>\n\t\t\t\t\t<\/div>\n\t\t\t\t<\/div>\n\t\t<div class=\"elementor-element elementor-element-413233d e-flex e-con-boxed e-con e-parent\" data-id=\"413233d\" data-element_type=\"container\" data-e-type=\"container\">\n\t\t\t\t\t<div class=\"e-con-inner\">\n\t\t\t\t<div class=\"elementor-element elementor-element-d7a58b2 elementor-view-default elementor-position-block-start elementor-mobile-position-block-start elementor-widget elementor-widget-icon-box\" data-id=\"d7a58b2\" data-element_type=\"widget\" data-e-type=\"widget\" data-widget_type=\"icon-box.default\">\n\t\t\t\t\t\t\t<div class=\"elementor-icon-box-wrapper\">\n\n\t\t\t\t\t\t<div class=\"elementor-icon-box-icon\">\n\t\t\t\t<a href=\"https:\/\/service.adipro.ca\" class=\"elementor-icon\" tabindex=\"-1\" aria-label=\"Migration du portail en cours\" target=\"_blank\" rel=\"noopener noreferrer nofollow\">\n\t\t\t\t<svg aria-hidden=\"true\" class=\"e-font-icon-svg e-fas-exclamation-triangle\" viewBox=\"0 0 576 512\" xmlns=\"http:\/\/www.w3.org\/2000\/svg\"><path d=\"M569.517 440.013C587.975 472.007 564.806 512 527.94 512H48.054c-36.937 0-59.999-40.055-41.577-71.987L246.423 23.985c18.467-32.009 64.72-31.951 83.154 0l239.94 416.028zM288 354c-25.405 0-46 20.595-46 46s20.595 46 46 46 46-20.595 46-46-20.595-46-46-46zm-43.673-165.346l7.418 136c.347 6.364 5.609 11.346 11.982 11.346h48.546c6.373 0 11.635-4.982 11.982-11.346l7.418-136c.375-6.874-5.098-12.654-11.982-12.654h-63.383c-6.884 0-12.356 5.78-11.981 12.654z\"><\/path><\/svg>\t\t\t\t<\/a>\n\t\t\t<\/div>\n\t\t\t\n\t\t\t\t\t\t<div class=\"elementor-icon-box-content\">\n\n\t\t\t\t\t\t\t\t\t<h3 class=\"elementor-icon-box-title\">\n\t\t\t\t\t\t<a href=\"https:\/\/service.adipro.ca\"  target=\"_blank\" rel=\"noopener noreferrer nofollow\">\n\t\t\t\t\t\t\tMigration du portail en cours\t\t\t\t\t\t<\/a>\n\t\t\t\t\t<\/h3>\n\t\t\t\t\n\t\t\t\t\t\t\t\t\t<p class=\"elementor-icon-box-description\">\n\t\t\t\t\t\tNos portails de connexion pour le support et les d\u00e9taillants sont actuellement en cours de migration vers une nouvelle plateforme. Pendant cette transition, veuillez acc\u00e9der \u00e0 ces services sur <u><a href=\"https:\/\/service.adipro.ca\" target=\"_blank\" rel=\"noopener noreferrer nofollow\">service.adipro.ca.<\/a><\/u> \t\t\t\t\t<\/p>\n\t\t\t\t\n\t\t\t<\/div>\n\t\t\t\n\t\t<\/div>\n\t\t\t\t\t\t<\/div>\n\t\t\t\t\t<\/div>\n\t\t\t\t<\/div>\n\t\t\t\t<\/div>\n\t\t","protected":false},"excerpt":{"rendered":"<p>Migration du portail en cours Nos portails de connexion pour le support et les d\u00e9taillants sont actuellement en cours de migration vers une nouvelle plateforme. Pendant cette transition, veuillez acc\u00e9der \u00e0 ces services sur service.adipro.ca.<\/p>\n","protected":false},"author":1,"featured_media":65668,"parent":0,"menu_order":6,"comment_status":"closed","ping_status":"closed","template":"","meta":{"_acf_changed":false,"footnotes":""},"class_list":["post-68632","page","type-page","status-publish","has-post-thumbnail","hentry"],"acf":[],"_links":{"self":[{"href":"https:\/\/adipro.ca\/fr\/wp-json\/wp\/v2\/pages\/68632","targetHints":{"allow":["GET"]}}],"collection":[{"href":"https:\/\/adipro.ca\/fr\/wp-json\/wp\/v2\/pages"}],"about":[{"href":"https:\/\/adipro.ca\/fr\/wp-json\/wp\/v2\/types\/page"}],"author":[{"embeddable":true,"href":"https:\/\/adipro.ca\/fr\/wp-json\/wp\/v2\/users\/1"}],"replies":[{"embeddable":true,"href":"https:\/\/adipro.ca\/fr\/wp-json\/wp\/v2\/comments?post=68632"}],"version-history":[{"count":0,"href":"https:\/\/adipro.ca\/fr\/wp-json\/wp\/v2\/pages\/68632\/revisions"}],"wp:featuredmedia":[{"embeddable":true,"href":"https:\/\/adipro.ca\/fr\/wp-json\/wp\/v2\/media\/65668"}],"wp:attachment":[{"href":"https:\/\/adipro.ca\/fr\/wp-json\/wp\/v2\/media?parent=68632"}],"curies":[{"name":"wp","href":"https:\/\/api.w.org\/{rel}","templated":true}]}}